{"id":262,"date":"2023-05-22T22:32:29","date_gmt":"2023-05-22T22:32:29","guid":{"rendered":"http:\/\/angelapetiti.ch\/?page_id=262"},"modified":"2025-01-01T16:47:29","modified_gmt":"2025-01-01T16:47:29","slug":"nationalratswahl","status":"publish","type":"page","link":"https:\/\/angelapetiti.ch\/index.php\/nationalratswahl\/","title":{"rendered":"Nationalratswahlen 2023"},"content":{"rendered":"\t\t<div data-elementor-type=\"wp-page\" data-elementor-id=\"262\" class=\"elementor elementor-262\">\n\t\t\t\t\t\t\t\t\t<section class=\"elementor-section elementor-top-section elementor-element elementor-element-e816989 elementor-section-boxed elementor-section-height-default elementor-section-height-default\" data-id=\"e816989\" data-element_type=\"section\">\n\t\t\t\t\t\t<div class=\"elementor-container elementor-column-gap-default\">\n\t\t\t\t\t<div class=\"elementor-column elementor-col-100 elementor-top-column elementor-element elementor-element-68db6cf\" data-id=\"68db6cf\" data-element_type=\"column\">\n\t\t\t<div class=\"elementor-widget-wrap elementor-element-populated\">\n\t\t\t\t\t\t\t\t<div class=\"elementor-element elementor-element-ffd77f1 elementor-widget elementor-widget-menu-anchor\" data-id=\"ffd77f1\" data-element_type=\"widget\" data-widget_type=\"menu-anchor.default\">\n\t\t\t\t<div class=\"elementor-widget-container\">\n\t\t\t<style>\/*! elementor - v3.13.2 - 11-05-2023 *\/\nbody.elementor-page .elementor-widget-menu-anchor{margin-bottom:0}<\/style>\t\t<div id=\"nationalratswahl\" class=\"elementor-menu-anchor\"><\/div>\n\t\t\t\t<\/div>\n\t\t\t\t<\/div>\n\t\t\t\t<div class=\"elementor-element elementor-element-ed4fb6c elementor-widget elementor-widget-image\" data-id=\"ed4fb6c\" data-element_type=\"widget\" data-widget_type=\"image.default\">\n\t\t\t\t<div class=\"elementor-widget-container\">\n\t\t\t<style>\/*! elementor - v3.13.2 - 11-05-2023 *\/\n.elementor-widget-image{text-align:center}.elementor-widget-image a{display:inline-block}.elementor-widget-image a img[src$=\".svg\"]{width:48px}.elementor-widget-image img{vertical-align:middle;display:inline-block}<\/style>\t\t\t\t\t\t\t\t\t\t\t\t<img loading=\"lazy\" decoding=\"async\" width=\"525\" height=\"576\" src=\"https:\/\/angelapetiti.ch\/wp-content\/uploads\/2023\/11\/Merci.jpeg\" class=\"attachment-large size-large wp-image-1098\" alt=\"\" srcset=\"https:\/\/angelapetiti.ch\/wp-content\/uploads\/2023\/11\/Merci.jpeg 562w, https:\/\/angelapetiti.ch\/wp-content\/uploads\/2023\/11\/Merci-273x300.jpeg 273w\" sizes=\"auto, 100vw\" \/>\t\t\t\t\t\t\t\t\t\t\t\t\t\t\t<\/div>\n\t\t\t\t<\/div>\n\t\t\t\t<div class=\"elementor-element elementor-element-f296932 elementor-widget elementor-widget-spacer\" data-id=\"f296932\" data-element_type=\"widget\" data-widget_type=\"spacer.default\">\n\t\t\t\t<div class=\"elementor-widget-container\">\n\t\t\t<style>\/*! elementor - v3.13.2 - 11-05-2023 *\/\n.elementor-column .elementor-spacer-inner{height:var(--spacer-size)}.e-con{--container-widget-width:100%}.e-con-inner>.elementor-widget-spacer,.e-con>.elementor-widget-spacer{width:var(--container-widget-width,var(--spacer-size));--align-self:var(--container-widget-align-self,initial);--flex-shrink:0}.e-con-inner>.elementor-widget-spacer>.elementor-widget-container,.e-con-inner>.elementor-widget-spacer>.elementor-widget-container>.elementor-spacer,.e-con>.elementor-widget-spacer>.elementor-widget-container,.e-con>.elementor-widget-spacer>.elementor-widget-container>.elementor-spacer{height:100%}.e-con-inner>.elementor-widget-spacer>.elementor-widget-container>.elementor-spacer>.elementor-spacer-inner,.e-con>.elementor-widget-spacer>.elementor-widget-container>.elementor-spacer>.elementor-spacer-inner{height:var(--container-widget-height,var(--spacer-size))}<\/style>\t\t<div class=\"elementor-spacer\">\n\t\t\t<div class=\"elementor-spacer-inner\"><\/div>\n\t\t<\/div>\n\t\t\t\t<\/div>\n\t\t\t\t<\/div>\n\t\t\t\t<div class=\"elementor-element elementor-element-8c5e42d elementor-widget elementor-widget-heading\" data-id=\"8c5e42d\" data-element_type=\"widget\" data-widget_type=\"heading.default\">\n\t\t\t\t<div class=\"elementor-widget-container\">\n\t\t\t<style>\/*! elementor - v3.13.2 - 11-05-2023 *\/\n.elementor-heading-title{padding:0;margin:0;line-height:1}.elementor-widget-heading .elementor-heading-title[class*=elementor-size-]>a{color:inherit;font-size:inherit;line-height:inherit}.elementor-widget-heading .elementor-heading-title.elementor-size-small{font-size:15px}.elementor-widget-heading .elementor-heading-title.elementor-size-medium{font-size:19px}.elementor-widget-heading .elementor-heading-title.elementor-size-large{font-size:29px}.elementor-widget-heading .elementor-heading-title.elementor-size-xl{font-size:39px}.elementor-widget-heading .elementor-heading-title.elementor-size-xxl{font-size:59px}<\/style><h1 class=\"elementor-heading-title elementor-size-default\">Ich m\u00f6chte nach Bern!<\/h1>\t\t<\/div>\n\t\t\t\t<\/div>\n\t\t\t\t<section class=\"elementor-section elementor-inner-section elementor-element elementor-element-4d70fbc elementor-section-boxed elementor-section-height-default elementor-section-height-default\" data-id=\"4d70fbc\" data-element_type=\"section\">\n\t\t\t\t\t\t<div class=\"elementor-container elementor-column-gap-default\">\n\t\t\t\t\t<div class=\"elementor-column elementor-col-50 elementor-inner-column elementor-element elementor-element-cb404c8\" data-id=\"cb404c8\" data-element_type=\"column\">\n\t\t\t<div class=\"elementor-widget-wrap elementor-element-populated\">\n\t\t\t\t\t\t\t\t<div class=\"elementor-element elementor-element-a58caf5 elementor-widget elementor-widget-text-editor\" data-id=\"a58caf5\" data-element_type=\"widget\" data-widget_type=\"text-editor.default\">\n\t\t\t\t<div class=\"elementor-widget-container\">\n\t\t\t<style>\/*! elementor - v3.13.2 - 11-05-2023 *\/\n.elementor-widget-text-editor.elementor-drop-cap-view-stacked .elementor-drop-cap{background-color:#69727d;color:#fff}.elementor-widget-text-editor.elementor-drop-cap-view-framed .elementor-drop-cap{color:#69727d;border:3px solid;background-color:transparent}.elementor-widget-text-editor:not(.elementor-drop-cap-view-default) .elementor-drop-cap{margin-top:8px}.elementor-widget-text-editor:not(.elementor-drop-cap-view-default) .elementor-drop-cap-letter{width:1em;height:1em}.elementor-widget-text-editor .elementor-drop-cap{float:left;text-align:center;line-height:1;font-size:50px}.elementor-widget-text-editor .elementor-drop-cap-letter{display:inline-block}<\/style>\t\t\t\t<p class=\"p1\"><span class=\"s1\">Als ich mich 2020 f\u00fcr die Konzern- verantwortungsinitiative engagierte, wurde mir klar, dass ich auch auf nationaler Ebene mitwirken m\u00f6chte.<\/span><\/p><p class=\"p1\"><span class=\"s1\">Investitionen in Bildung, soziale Chancengerechtigkeit, Umwelt und Kultur sind in einer zukunftsorientierten Politik unverzichtbar. Diese Themen kommen jedoch auf nationaler Ebene zu kurz.<\/span><\/p><p>Ich arbeite gerne mit engagierten Menschen zusammen und weiss, dass man in konstruktiver Zusammenarbeit, auch \u00fcber Parteigrenzen hinweg, viel erreichen kann.<\/p><p>Mein Ziel ist eine soziale Schweiz, in der die Menschen im Mittelpunkt stehen!<\/p>\t\t\t\t\t\t<\/div>\n\t\t\t\t<\/div>\n\t\t\t\t\t<\/div>\n\t\t<\/div>\n\t\t\t\t<div class=\"elementor-column elementor-col-50 elementor-inner-column elementor-element elementor-element-b81e13f\" data-id=\"b81e13f\" data-element_type=\"column\">\n\t\t\t<div class=\"elementor-widget-wrap elementor-element-populated\">\n\t\t\t\t\t\t\t\t<div class=\"elementor-element elementor-element-4834ff8 elementor-widget elementor-widget-image\" data-id=\"4834ff8\" data-element_type=\"widget\" data-widget_type=\"image.default\">\n\t\t\t\t<div class=\"elementor-widget-container\">\n\t\t\t\t\t\t\t\t\t\t\t\t\t\t\t<img loading=\"lazy\" decoding=\"async\" width=\"525\" height=\"525\" src=\"https:\/\/angelapetiti.ch\/wp-content\/uploads\/2023\/05\/SO_NR_2023_SP_Petiti_Angela_5731-Angela-1024x1024.jpg\" class=\"attachment-large size-large wp-image-276\" alt=\"\" srcset=\"https:\/\/angelapetiti.ch\/wp-content\/uploads\/2023\/05\/SO_NR_2023_SP_Petiti_Angela_5731-Angela-1024x1024.jpg 1024w, https:\/\/angelapetiti.ch\/wp-content\/uploads\/2023\/05\/SO_NR_2023_SP_Petiti_Angela_5731-Angela-300x300.jpg 300w, https:\/\/angelapetiti.ch\/wp-content\/uploads\/2023\/05\/SO_NR_2023_SP_Petiti_Angela_5731-Angela-150x150.jpg 150w, https:\/\/angelapetiti.ch\/wp-content\/uploads\/2023\/05\/SO_NR_2023_SP_Petiti_Angela_5731-Angela-768x768.jpg 768w, https:\/\/angelapetiti.ch\/wp-content\/uploads\/2023\/05\/SO_NR_2023_SP_Petiti_Angela_5731-Angela-100x100.jpg 100w, https:\/\/angelapetiti.ch\/wp-content\/uploads\/2023\/05\/SO_NR_2023_SP_Petiti_Angela_5731-Angela.jpg 1200w\" sizes=\"auto, 100vw\" \/>\t\t\t\t\t\t\t\t\t\t\t\t\t\t\t<\/div>\n\t\t\t\t<\/div>\n\t\t\t\t<div class=\"elementor-element elementor-element-e2c3f28 elementor-widget elementor-widget-spacer\" data-id=\"e2c3f28\" data-element_type=\"widget\" data-widget_type=\"spacer.default\">\n\t\t\t\t<div class=\"elementor-widget-container\">\n\t\t\t\t\t<div class=\"elementor-spacer\">\n\t\t\t<div class=\"elementor-spacer-inner\"><\/div>\n\t\t<\/div>\n\t\t\t\t<\/div>\n\t\t\t\t<\/div>\n\t\t\t\t\t<\/div>\n\t\t<\/div>\n\t\t\t\t\t\t\t<\/div>\n\t\t<\/section>\n\t\t\t\t\t<\/div>\n\t\t<\/div>\n\t\t\t\t\t\t\t<\/div>\n\t\t<\/section>\n\t\t\t\t\t\t\t<\/div>\n\t\t","protected":false},"excerpt":{"rendered":"<p>Ich m\u00f6chte nach Bern! Als ich mich 2020 f\u00fcr die Konzern- verantwortungsinitiative engagierte, wurde mir klar, dass ich auch auf nationaler Ebene mitwirken m\u00f6chte. Investitionen in Bildung, soziale Chancengerechtigkeit, Umwelt und Kultur sind in einer zukunftsorientierten Politik unverzichtbar. Diese Themen kommen jedoch auf nationaler Ebene zu kurz. Ich arbeite gerne mit engagierten Menschen zusammen und &hellip; <\/p>\n<p class=\"link-more\"><a href=\"https:\/\/angelapetiti.ch\/index.php\/nationalratswahl\/\" class=\"more-link\"><span class=\"screen-reader-text\">\u201eNationalratswahlen 2023\u201c<\/span> weiterlesen<\/a><\/p>\n","protected":false},"author":1,"featured_media":118,"parent":0,"menu_order":0,"comment_status":"closed","ping_status":"closed","template":"","meta":{"footnotes":""},"class_list":["post-262","page","type-page","status-publish","has-post-thumbnail","hentry"],"_links":{"self":[{"href":"https:\/\/angelapetiti.ch\/index.php\/wp-json\/wp\/v2\/pages\/262","targetHints":{"allow":["GET"]}}],"collection":[{"href":"https:\/\/angelapetiti.ch\/index.php\/wp-json\/wp\/v2\/pages"}],"about":[{"href":"https:\/\/angelapetiti.ch\/index.php\/wp-json\/wp\/v2\/types\/page"}],"author":[{"embeddable":true,"href":"https:\/\/angelapetiti.ch\/index.php\/wp-json\/wp\/v2\/users\/1"}],"replies":[{"embeddable":true,"href":"https:\/\/angelapetiti.ch\/index.php\/wp-json\/wp\/v2\/comments?post=262"}],"version-history":[{"count":94,"href":"https:\/\/angelapetiti.ch\/index.php\/wp-json\/wp\/v2\/pages\/262\/revisions"}],"predecessor-version":[{"id":1153,"href":"https:\/\/angelapetiti.ch\/index.php\/wp-json\/wp\/v2\/pages\/262\/revisions\/1153"}],"wp:featuredmedia":[{"embeddable":true,"href":"https:\/\/angelapetiti.ch\/index.php\/wp-json\/wp\/v2\/media\/118"}],"wp:attachment":[{"href":"https:\/\/angelapetiti.ch\/index.php\/wp-json\/wp\/v2\/media?parent=262"}],"curies":[{"name":"wp","href":"https:\/\/api.w.org\/{rel}","templated":true}]}}