{"id":71,"date":"2023-05-19T11:47:22","date_gmt":"2023-05-19T11:47:22","guid":{"rendered":"http:\/\/angelapetiti.ch\/?page_id=71"},"modified":"2025-01-02T13:28:09","modified_gmt":"2025-01-02T13:28:09","slug":"engagements","status":"publish","type":"page","link":"https:\/\/angelapetiti.ch\/index.php\/engagements\/","title":{"rendered":"Engagement"},"content":{"rendered":"\t\t<div data-elementor-type=\"wp-page\" data-elementor-id=\"71\" class=\"elementor elementor-71\">\n\t\t\t\t\t\t\t\t\t<section class=\"elementor-section elementor-top-section elementor-element elementor-element-18fa697 elementor-section-boxed elementor-section-height-default elementor-section-height-default\" data-id=\"18fa697\" data-element_type=\"section\">\n\t\t\t\t\t\t<div class=\"elementor-container elementor-column-gap-default\">\n\t\t\t\t\t<div class=\"elementor-column elementor-col-100 elementor-top-column elementor-element elementor-element-d763c35\" data-id=\"d763c35\" data-element_type=\"column\">\n\t\t\t<div class=\"elementor-widget-wrap elementor-element-populated\">\n\t\t\t\t\t\t\t\t<div class=\"elementor-element elementor-element-ee3c326 elementor-widget elementor-widget-heading\" data-id=\"ee3c326\" data-element_type=\"widget\" data-widget_type=\"heading.default\">\n\t\t\t\t<div class=\"elementor-widget-container\">\n\t\t\t<style>\/*! elementor - v3.13.2 - 11-05-2023 *\/\n.elementor-heading-title{padding:0;margin:0;line-height:1}.elementor-widget-heading .elementor-heading-title[class*=elementor-size-]>a{color:inherit;font-size:inherit;line-height:inherit}.elementor-widget-heading .elementor-heading-title.elementor-size-small{font-size:15px}.elementor-widget-heading .elementor-heading-title.elementor-size-medium{font-size:19px}.elementor-widget-heading .elementor-heading-title.elementor-size-large{font-size:29px}.elementor-widget-heading .elementor-heading-title.elementor-size-xl{font-size:39px}.elementor-widget-heading .elementor-heading-title.elementor-size-xxl{font-size:59px}<\/style><h2 class=\"elementor-heading-title elementor-size-default\">Zu meinem politischen Alltag geh\u00f6rt...<\/h2>\t\t<\/div>\n\t\t\t\t<\/div>\n\t\t\t\t<div class=\"elementor-element elementor-element-cac3123 elementor-widget elementor-widget-spacer\" data-id=\"cac3123\" data-element_type=\"widget\" data-widget_type=\"spacer.default\">\n\t\t\t\t<div class=\"elementor-widget-container\">\n\t\t\t<style>\/*! elementor - v3.13.2 - 11-05-2023 *\/\n.elementor-column .elementor-spacer-inner{height:var(--spacer-size)}.e-con{--container-widget-width:100%}.e-con-inner>.elementor-widget-spacer,.e-con>.elementor-widget-spacer{width:var(--container-widget-width,var(--spacer-size));--align-self:var(--container-widget-align-self,initial);--flex-shrink:0}.e-con-inner>.elementor-widget-spacer>.elementor-widget-container,.e-con-inner>.elementor-widget-spacer>.elementor-widget-container>.elementor-spacer,.e-con>.elementor-widget-spacer>.elementor-widget-container,.e-con>.elementor-widget-spacer>.elementor-widget-container>.elementor-spacer{height:100%}.e-con-inner>.elementor-widget-spacer>.elementor-widget-container>.elementor-spacer>.elementor-spacer-inner,.e-con>.elementor-widget-spacer>.elementor-widget-container>.elementor-spacer>.elementor-spacer-inner{height:var(--container-widget-height,var(--spacer-size))}<\/style>\t\t<div class=\"elementor-spacer\">\n\t\t\t<div class=\"elementor-spacer-inner\"><\/div>\n\t\t<\/div>\n\t\t\t\t<\/div>\n\t\t\t\t<\/div>\n\t\t\t\t<div class=\"elementor-element elementor-element-937ee15 elementor-arrows-position-inside elementor-pagination-position-outside elementor-widget elementor-widget-image-carousel\" data-id=\"937ee15\" data-element_type=\"widget\" data-settings=\"{&quot;slides_to_show&quot;:&quot;1&quot;,&quot;pause_on_hover&quot;:&quot;no&quot;,&quot;autoplay_speed&quot;:3000,&quot;navigation&quot;:&quot;both&quot;,&quot;autoplay&quot;:&quot;yes&quot;,&quot;pause_on_interaction&quot;:&quot;yes&quot;,&quot;infinite&quot;:&quot;yes&quot;,&quot;effect&quot;:&quot;slide&quot;,&quot;speed&quot;:500}\" data-widget_type=\"image-carousel.default\">\n\t\t\t\t<div class=\"elementor-widget-container\">\n\t\t\t<style>\/*! elementor - v3.13.2 - 11-05-2023 *\/\n.elementor-widget-image-carousel .swiper,.elementor-widget-image-carousel .swiper-container{position:static}.elementor-widget-image-carousel .swiper-container .swiper-slide figure,.elementor-widget-image-carousel .swiper .swiper-slide figure{line-height:inherit}.elementor-widget-image-carousel .swiper-slide{text-align:center}.elementor-image-carousel-wrapper:not(.swiper-container-initialized):not(.swiper-initialized) .swiper-slide{max-width:calc(100% \/ var(--e-image-carousel-slides-to-show, 3))}<\/style>\t\t<div class=\"elementor-image-carousel-wrapper swiper\" dir=\"ltr\">\n\t\t\t<div class=\"elementor-image-carousel swiper-wrapper\">\n\t\t\t\t\t\t\t\t<div class=\"swiper-slide\"><a data-elementor-open-lightbox=\"yes\" data-elementor-lightbox-slideshow=\"937ee15\" data-elementor-lightbox-title=\"Fraktion SP Stadt Solothurn\" data-elementor-lightbox-description=\"Fraktions- und Gemeinderatsarbeit in der Stadt Solothurn mit engagierten Menschen...\" data-e-action-hash=\"#elementor-action%3Aaction%3Dlightbox%26settings%3DeyJpZCI6Mzc5LCJ1cmwiOiJodHRwczpcL1wvYW5nZWxhcGV0aXRpLmNoXC93cC1jb250ZW50XC91cGxvYWRzXC8yMDIzXC8wNVwvRjk0NUI0MzAtOUVDMy00MTY0LUI3MkEtQzFBQzkyNDMwQUQ2LmpwZyIsInNsaWRlc2hvdyI6IjkzN2VlMTUifQ%3D%3D\" href=\"https:\/\/angelapetiti.ch\/wp-content\/uploads\/2023\/05\/F945B430-9EC3-4164-B72A-C1AC92430AD6.jpg\"><figure class=\"swiper-slide-inner\"><img decoding=\"async\" class=\"swiper-slide-image\" src=\"https:\/\/angelapetiti.ch\/wp-content\/uploads\/2023\/05\/F945B430-9EC3-4164-B72A-C1AC92430AD6.jpg\" alt=\"Fraktion SP Stadt Solothurn\" \/><figcaption class=\"elementor-image-carousel-caption\">Fraktions- und Gemeinderatsarbeit in der Stadt Solothurn mit engagierten Menschen...<\/figcaption><\/figure><\/a><\/div><div class=\"swiper-slide\"><a data-elementor-open-lightbox=\"yes\" data-elementor-lightbox-slideshow=\"937ee15\" data-elementor-lightbox-title=\"Votum im Kantonsrat\" data-elementor-lightbox-description=\"...meine Arbeit im Kantonsrat...\" data-e-action-hash=\"#elementor-action%3Aaction%3Dlightbox%26settings%3DeyJpZCI6MTI4MSwidXJsIjoiaHR0cHM6XC9cL2FuZ2VsYXBldGl0aS5jaFwvd3AtY29udGVudFwvdXBsb2Fkc1wvMjAyNVwvMDFcLzljYjRkNTQyLWY4ODktNDEwMy05YTY0LWUxMTBiMWIzZjlkNC5qcGciLCJzbGlkZXNob3ciOiI5MzdlZTE1In0%3D\" href=\"https:\/\/angelapetiti.ch\/wp-content\/uploads\/2025\/01\/9cb4d542-f889-4103-9a64-e110b1b3f9d4.jpg\"><figure class=\"swiper-slide-inner\"><img decoding=\"async\" class=\"swiper-slide-image\" src=\"https:\/\/angelapetiti.ch\/wp-content\/uploads\/2025\/01\/9cb4d542-f889-4103-9a64-e110b1b3f9d4.jpg\" alt=\"Angela Petiti, Votum im Kantonsrat\" \/><figcaption class=\"elementor-image-carousel-caption\">...meine Arbeit im Kantonsrat...<\/figcaption><\/figure><\/a><\/div><div class=\"swiper-slide\"><a data-elementor-open-lightbox=\"yes\" data-elementor-lightbox-slideshow=\"937ee15\" data-elementor-lightbox-title=\"Angela Petiti und Hardy J\u00e4ggi\" data-elementor-lightbox-description=\"...die Arbeit im Co-Pr\u00e4sidium der Kantonalpartei...\" data-e-action-hash=\"#elementor-action%3Aaction%3Dlightbox%26settings%3DeyJpZCI6MTEyMCwidXJsIjoiaHR0cHM6XC9cL2FuZ2VsYXBldGl0aS5jaFwvd3AtY29udGVudFwvdXBsb2Fkc1wvMjAyNFwvMTBcL0hhcmR5LXVuZC1BbmdlbGEuanBlZyIsInNsaWRlc2hvdyI6IjkzN2VlMTUifQ%3D%3D\" href=\"https:\/\/angelapetiti.ch\/wp-content\/uploads\/2024\/10\/Hardy-und-Angela.jpeg\"><figure class=\"swiper-slide-inner\"><img decoding=\"async\" class=\"swiper-slide-image\" src=\"https:\/\/angelapetiti.ch\/wp-content\/uploads\/2024\/10\/Hardy-und-Angela.jpeg\" alt=\"Angela Petiti und Hardy J\u00e4ggi \u00fcbernehmen das Co-Pr\u00e4sidium der SP Solothurn.\" \/><figcaption class=\"elementor-image-carousel-caption\">...die Arbeit im Co-Pr\u00e4sidium der Kantonalpartei...<\/figcaption><\/figure><\/a><\/div><div class=\"swiper-slide\"><a data-elementor-open-lightbox=\"yes\" data-elementor-lightbox-slideshow=\"937ee15\" data-elementor-lightbox-title=\"Mindestlohn\" data-elementor-lightbox-description=\"...gemeinsam mit der Juso und den Gewerkschaften f\u00fcr einen Mindestlohn k\u00e4mpfen...\" data-e-action-hash=\"#elementor-action%3Aaction%3Dlightbox%26settings%3DeyJpZCI6MTEyMSwidXJsIjoiaHR0cHM6XC9cL2FuZ2VsYXBldGl0aS5jaFwvd3AtY29udGVudFwvdXBsb2Fkc1wvMjAyNFwvMTBcL01pbmRlc3Rsb2huLmpwZWciLCJzbGlkZXNob3ciOiI5MzdlZTE1In0%3D\" href=\"https:\/\/angelapetiti.ch\/wp-content\/uploads\/2024\/10\/Mindestlohn.jpeg\"><figure class=\"swiper-slide-inner\"><img decoding=\"async\" class=\"swiper-slide-image\" src=\"https:\/\/angelapetiti.ch\/wp-content\/uploads\/2024\/10\/Mindestlohn.jpeg\" alt=\"Gruppe vor Rathaus Solothurn, Einreichung der Initiative f\u00fcr einen Mindestlohn im Kanton Solothurn\" \/><figcaption class=\"elementor-image-carousel-caption\">...gemeinsam mit der Juso und den Gewerkschaften f\u00fcr einen Mindestlohn k\u00e4mpfen...<\/figcaption><\/figure><\/a><\/div><div class=\"swiper-slide\"><a data-elementor-open-lightbox=\"yes\" data-elementor-lightbox-slideshow=\"937ee15\" data-elementor-lightbox-title=\"Nationalratskandidatinnen und Kandidaten Solothurn 2023\" data-elementor-lightbox-description=\"...gemeinsam in den Wahlkampf 2023 starten...\" data-e-action-hash=\"#elementor-action%3Aaction%3Dlightbox%26settings%3DeyJpZCI6NjExLCJ1cmwiOiJodHRwczpcL1wvYW5nZWxhcGV0aXRpLmNoXC93cC1jb250ZW50XC91cGxvYWRzXC8yMDIzXC8wNVwvS2FuZGlkYXRlbi1BbmdlbGEuanBnIiwic2xpZGVzaG93IjoiOTM3ZWUxNSJ9\" href=\"https:\/\/angelapetiti.ch\/wp-content\/uploads\/2023\/05\/Kandidaten-Angela.jpg\"><figure class=\"swiper-slide-inner\"><img decoding=\"async\" class=\"swiper-slide-image\" src=\"https:\/\/angelapetiti.ch\/wp-content\/uploads\/2023\/05\/Kandidaten-Angela.jpg\" alt=\"Nationalratskandidatinnen und Kandidaten Solothurn 2023\" \/><figcaption class=\"elementor-image-carousel-caption\">...gemeinsam in den Wahlkampf 2023 starten...<\/figcaption><\/figure><\/a><\/div><div class=\"swiper-slide\"><a data-elementor-open-lightbox=\"yes\" data-elementor-lightbox-slideshow=\"937ee15\" data-elementor-lightbox-title=\"Massentierhaltungsinitiative\" data-elementor-lightbox-description=\"...f\u00fcr eine faire und nachhaltige Landwirtschaft k\u00e4mpfen \u2013 f\u00fcr Erzeuger, Konsument, Umwelt und Tier...\" data-e-action-hash=\"#elementor-action%3Aaction%3Dlightbox%26settings%3DeyJpZCI6MTAwNywidXJsIjoiaHR0cHM6XC9cL2FuZ2VsYXBldGl0aS5jaFwvd3AtY29udGVudFwvdXBsb2Fkc1wvMjAyM1wvMDZcL01USS5qcGVnIiwic2xpZGVzaG93IjoiOTM3ZWUxNSJ9\" href=\"https:\/\/angelapetiti.ch\/wp-content\/uploads\/2023\/06\/MTI.jpeg\"><figure class=\"swiper-slide-inner\"><img decoding=\"async\" class=\"swiper-slide-image\" src=\"https:\/\/angelapetiti.ch\/wp-content\/uploads\/2023\/06\/MTI.jpeg\" alt=\"Massentierhaltungsinitiative\" \/><figcaption class=\"elementor-image-carousel-caption\">...f\u00fcr eine faire und nachhaltige Landwirtschaft k\u00e4mpfen \u2013 f\u00fcr Erzeuger, Konsument, Umwelt und Tier...<\/figcaption><\/figure><\/a><\/div><div class=\"swiper-slide\"><a data-elementor-open-lightbox=\"yes\" data-elementor-lightbox-slideshow=\"937ee15\" data-elementor-lightbox-title=\"Unterschriftensammlung Kitainitiative\" data-elementor-lightbox-description=\"...Unterschriften sammeln f\u00fcr wichtige Initiativen, wie zum Beispiel f\u00fcr die Kitainitiative...\" data-e-action-hash=\"#elementor-action%3Aaction%3Dlightbox%26settings%3DeyJpZCI6NDIwLCJ1cmwiOiJodHRwczpcL1wvYW5nZWxhcGV0aXRpLmNoXC93cC1jb250ZW50XC91cGxvYWRzXC8yMDIzXC8wNVwvS2l0YWluaXRpYXRpdmUtQW5nZWxhLXNjYWxlZC5qcGciLCJzbGlkZXNob3ciOiI5MzdlZTE1In0%3D\" href=\"https:\/\/angelapetiti.ch\/wp-content\/uploads\/2023\/05\/Kitainitiative-Angela-scaled.jpg\"><figure class=\"swiper-slide-inner\"><img decoding=\"async\" class=\"swiper-slide-image\" src=\"https:\/\/angelapetiti.ch\/wp-content\/uploads\/2023\/05\/Kitainitiative-Angela-scaled.jpg\" alt=\"Unterschriftensammlung Kitainitiative\" \/><figcaption class=\"elementor-image-carousel-caption\">...Unterschriften sammeln f\u00fcr wichtige Initiativen, wie zum Beispiel f\u00fcr die Kitainitiative...<\/figcaption><\/figure><\/a><\/div><div class=\"swiper-slide\"><a data-elementor-open-lightbox=\"yes\" data-elementor-lightbox-slideshow=\"937ee15\" data-elementor-lightbox-title=\"Coole Socken\" data-elementor-lightbox-description=\"...sich gemeinsam f\u00fcr eine soziale Schweiz einsetzen...\" data-e-action-hash=\"#elementor-action%3Aaction%3Dlightbox%26settings%3DeyJpZCI6MzQ4LCJ1cmwiOiJodHRwczpcL1wvYW5nZWxhcGV0aXRpLmNoXC93cC1jb250ZW50XC91cGxvYWRzXC8yMDIzXC8wNVwvNjZiOGNiZTMtYzYyMS00MWRhLWI1ODYtNmI2Y2Y1Njg5ODIxLTEuanBnIiwic2xpZGVzaG93IjoiOTM3ZWUxNSJ9\" href=\"https:\/\/angelapetiti.ch\/wp-content\/uploads\/2023\/05\/66b8cbe3-c621-41da-b586-6b6cf5689821-1.jpg\"><figure class=\"swiper-slide-inner\"><img decoding=\"async\" class=\"swiper-slide-image\" src=\"https:\/\/angelapetiti.ch\/wp-content\/uploads\/2023\/05\/66b8cbe3-c621-41da-b586-6b6cf5689821-1.jpg\" alt=\"...sich gemeinsam f\u00fcr eine soziale Schweiz einsetzen...\" \/><figcaption class=\"elementor-image-carousel-caption\">...sich gemeinsam f\u00fcr eine soziale Schweiz einsetzen...<\/figcaption><\/figure><\/a><\/div><div class=\"swiper-slide\"><a data-elementor-open-lightbox=\"yes\" data-elementor-lightbox-slideshow=\"937ee15\" data-elementor-lightbox-title=\"Standaktion Klimaschutzgesetz\" data-elementor-lightbox-description=\"...Standaktionen f\u00fcr wichtige Abstimmungen durchf\u00fchren...\" data-e-action-hash=\"#elementor-action%3Aaction%3Dlightbox%26settings%3DeyJpZCI6NDUwLCJ1cmwiOiJodHRwczpcL1wvYW5nZWxhcGV0aXRpLmNoXC93cC1jb250ZW50XC91cGxvYWRzXC8yMDIzXC8wNVwvU3RhbmRha3Rpb24tQW5nZWxhLmpwZyIsInNsaWRlc2hvdyI6IjkzN2VlMTUifQ%3D%3D\" href=\"https:\/\/angelapetiti.ch\/wp-content\/uploads\/2023\/05\/Standaktion-Angela.jpg\"><figure class=\"swiper-slide-inner\"><img decoding=\"async\" class=\"swiper-slide-image\" src=\"https:\/\/angelapetiti.ch\/wp-content\/uploads\/2023\/05\/Standaktion-Angela.jpg\" alt=\"Standaktion Klimaschutzgesetz\" \/><figcaption class=\"elementor-image-carousel-caption\">...Standaktionen f\u00fcr wichtige Abstimmungen durchf\u00fchren...<\/figcaption><\/figure><\/a><\/div>\t\t\t<\/div>\n\t\t\t\t\t\t\t\t\t\t\t\t<div class=\"swiper-pagination\"><\/div>\n\t\t\t\t\t\t\t\t\t\t\t\t\t<div class=\"elementor-swiper-button elementor-swiper-button-prev\" role=\"button\" tabindex=\"0\">\n\t\t\t\t\t\t<i aria-hidden=\"true\" class=\"eicon-chevron-left\"><\/i>\t\t\t\t\t\t<span class=\"elementor-screen-only\">Previous image<\/span>\n\t\t\t\t\t<\/div>\n\t\t\t\t\t<div class=\"elementor-swiper-button elementor-swiper-button-next\" role=\"button\" tabindex=\"0\">\n\t\t\t\t\t\t<i aria-hidden=\"true\" class=\"eicon-chevron-right\"><\/i>\t\t\t\t\t\t<span class=\"elementor-screen-only\">Next image<\/span>\n\t\t\t\t\t<\/div>\n\t\t\t\t\t\t\t\t\t<\/div>\n\t\t\t\t<\/div>\n\t\t\t\t<\/div>\n\t\t\t\t<div class=\"elementor-element elementor-element-5b6a040 elementor-widget elementor-widget-text-editor\" data-id=\"5b6a040\" data-element_type=\"widget\" data-widget_type=\"text-editor.default\">\n\t\t\t\t<div class=\"elementor-widget-container\">\n\t\t\t<style>\/*! elementor - v3.13.2 - 11-05-2023 *\/\n.elementor-widget-text-editor.elementor-drop-cap-view-stacked .elementor-drop-cap{background-color:#69727d;color:#fff}.elementor-widget-text-editor.elementor-drop-cap-view-framed .elementor-drop-cap{color:#69727d;border:3px solid;background-color:transparent}.elementor-widget-text-editor:not(.elementor-drop-cap-view-default) .elementor-drop-cap{margin-top:8px}.elementor-widget-text-editor:not(.elementor-drop-cap-view-default) .elementor-drop-cap-letter{width:1em;height:1em}.elementor-widget-text-editor .elementor-drop-cap{float:left;text-align:center;line-height:1;font-size:50px}.elementor-widget-text-editor .elementor-drop-cap-letter{display:inline-block}<\/style>\t\t\t\t<p>Mitgliedschaften: <a href=\"https:\/\/lso.ch\/\" target=\"_blank\" rel=\"noopener\">Lehrerinnen- und Lehrerverband Solothurn<\/a>, <a href=\"http:\/\/www.pronatura.ch\" target=\"_blank\" rel=\"noopener\">Pro Natura<\/a>, <a href=\"https:\/\/www.nfv-solothurn.ch\/\" target=\"_blank\" rel=\"noopener\">Naturf\u00f6rderverein Solothurn<\/a>, Stadtvertreterin im <a href=\"https:\/\/altesspital.ch\/\" target=\"_blank\" rel=\"noopener\">Verein \u00abAltes Spital\u00bb<\/a><\/p>\t\t\t\t\t\t<\/div>\n\t\t\t\t<\/div>\n\t\t\t\t<div class=\"elementor-element elementor-element-c00570d elementor-widget elementor-widget-text-editor\" data-id=\"c00570d\" data-element_type=\"widget\" data-widget_type=\"text-editor.default\">\n\t\t\t\t<div class=\"elementor-widget-container\">\n\t\t\t\t\t\t\t<p>Und hier noch einige Gedanken zur Kultur in der Krise:\u00a0<em><a style=\"font-family: var( --e-global-typography-text-font-family ), Sans-serif; font-weight: var( --e-global-typography-text-font-weight ); background-color: #ffffff; font-size: 1rem;\" href=\"http:\/\/angelapetiti.ch\/wp-content\/uploads\/2023\/05\/aber-still-wurde-es-nie_-gesamt-Angela.pdf\" target=\"_blank\" rel=\"noopener\">&#8230;aber still wurde es nie<\/a><\/em><\/p>\t\t\t\t\t\t<\/div>\n\t\t\t\t<\/div>\n\t\t\t\t\t<\/div>\n\t\t<\/div>\n\t\t\t\t\t\t\t<\/div>\n\t\t<\/section>\n\t\t\t\t\t\t\t<\/div>\n\t\t","protected":false},"excerpt":{"rendered":"<p>Zu meinem politischen Alltag geh\u00f6rt&#8230; Fraktions- und Gemeinderatsarbeit in der Stadt Solothurn mit diesen engagierten Menschen&#8230; &#8230;meine Arbeit im Kantonsrat&#8230; &#8230;die Arbeit im Co-Pr\u00e4sidium der Kantonalpartei&#8230; &#8230;gemeinsam mit der Juso und den Gewerkschaften f\u00fcr einen Mindestlohn k\u00e4mpfen&#8230; &#8230;gemeinsam in den Wahlkampf 2023 starten&#8230; &#8230;f\u00fcr eine faire und nachhaltige Landwirtschaft k\u00e4mpfen \u2013 f\u00fcr Erzeuger, Konsument, Umwelt &hellip; <\/p>\n<p class=\"link-more\"><a href=\"https:\/\/angelapetiti.ch\/index.php\/engagements\/\" class=\"more-link\"><span class=\"screen-reader-text\">\u201eEngagement\u201c<\/span> weiterlesen<\/a><\/p>\n","protected":false},"author":1,"featured_media":0,"parent":0,"menu_order":0,"comment_status":"closed","ping_status":"closed","template":"","meta":{"footnotes":""},"class_list":["post-71","page","type-page","status-publish","hentry"],"_links":{"self":[{"href":"https:\/\/angelapetiti.ch\/index.php\/wp-json\/wp\/v2\/pages\/71","targetHints":{"allow":["GET"]}}],"collection":[{"href":"https:\/\/angelapetiti.ch\/index.php\/wp-json\/wp\/v2\/pages"}],"about":[{"href":"https:\/\/angelapetiti.ch\/index.php\/wp-json\/wp\/v2\/types\/page"}],"author":[{"embeddable":true,"href":"https:\/\/angelapetiti.ch\/index.php\/wp-json\/wp\/v2\/users\/1"}],"replies":[{"embeddable":true,"href":"https:\/\/angelapetiti.ch\/index.php\/wp-json\/wp\/v2\/comments?post=71"}],"version-history":[{"count":182,"href":"https:\/\/angelapetiti.ch\/index.php\/wp-json\/wp\/v2\/pages\/71\/revisions"}],"predecessor-version":[{"id":1287,"href":"https:\/\/angelapetiti.ch\/index.php\/wp-json\/wp\/v2\/pages\/71\/revisions\/1287"}],"wp:attachment":[{"href":"https:\/\/angelapetiti.ch\/index.php\/wp-json\/wp\/v2\/media?parent=71"}],"curies":[{"name":"wp","href":"https:\/\/api.w.org\/{rel}","templated":true}]}}